{"id":6314,"date":"2021-11-18T10:57:00","date_gmt":"2021-11-18T10:57:00","guid":{"rendered":"https:\/\/zahnkompetenz.com\/?page_id=6314"},"modified":"2021-11-18T11:21:22","modified_gmt":"2021-11-18T11:21:22","slug":"impressum","status":"publish","type":"page","link":"https:\/\/zahnkompetenz.com\/index.php\/impressum\/","title":{"rendered":"Impressum"},"content":{"rendered":"[vc_row type=&#8220;full_width_background&#8220; full_screen_row_position=&#8220;middle&#8220; column_margin=&#8220;default&#8220; column_direction=&#8220;default&#8220; column_direction_tablet=&#8220;default&#8220; column_direction_phone=&#8220;default&#8220; bg_color=&#8220;#ffffff&#8220; scene_position=&#8220;center&#8220; text_color=&#8220;dark&#8220; text_align=&#8220;left&#8220; row_border_radius=&#8220;none&#8220; row_border_radius_applies=&#8220;bg&#8220; overlay_strength=&#8220;0.3&#8243; gradient_direction=&#8220;left_to_right&#8220; shape_divider_position=&#8220;bottom&#8220; bg_image_animation=&#8220;none&#8220; shape_type=&#8220;&#8220;][vc_column column_padding=&#8220;no-extra-padding&#8220; column_padding_tablet=&#8220;inherit&#8220; column_padding_phone=&#8220;inherit&#8220; column_padding_position=&#8220;all&#8220; column_element_spacing=&#8220;default&#8220; background_color_opacity=&#8220;1&#8243; background_hover_color_opacity=&#8220;1&#8243; column_shadow=&#8220;none&#8220; column_border_radius=&#8220;none&#8220; column_link_target=&#8220;_self&#8220; gradient_direction=&#8220;left_to_right&#8220; overlay_strength=&#8220;0.3&#8243; width=&#8220;1\/1&#8243; tablet_width_inherit=&#8220;default&#8220; tablet_text_alignment=&#8220;default&#8220; phone_text_alignment=&#8220;default&#8220; bg_image_animation=&#8220;none&#8220; border_type=&#8220;simple&#8220; column_border_width=&#8220;none&#8220; column_border_style=&#8220;solid&#8220;][divider line_type=&#8220;No Line&#8220; custom_height=&#8220;150px&#8220;][\/vc_column][\/vc_row][vc_row type=&#8220;full_width_background&#8220; full_screen_row_position=&#8220;middle&#8220; column_margin=&#8220;default&#8220; column_direction=&#8220;default&#8220; column_direction_tablet=&#8220;default&#8220; column_direction_phone=&#8220;default&#8220; bg_color=&#8220;#ffffff&#8220; scene_position=&#8220;center&#8220; text_color=&#8220;dark&#8220; text_align=&#8220;left&#8220; row_border_radius=&#8220;none&#8220; row_border_radius_applies=&#8220;bg&#8220; overlay_strength=&#8220;0.3&#8243; gradient_direction=&#8220;left_to_right&#8220; shape_divider_position=&#8220;bottom&#8220; bg_image_animation=&#8220;none&#8220; shape_type=&#8220;&#8220;][vc_column column_padding=&#8220;no-extra-padding&#8220; column_padding_tablet=&#8220;inherit&#8220; column_padding_phone=&#8220;inherit&#8220; column_padding_position=&#8220;all&#8220; column_element_spacing=&#8220;default&#8220; background_color_opacity=&#8220;1&#8243; background_hover_color_opacity=&#8220;1&#8243; column_shadow=&#8220;none&#8220; column_border_radius=&#8220;none&#8220; column_link_target=&#8220;_self&#8220; gradient_direction=&#8220;left_to_right&#8220; overlay_strength=&#8220;0.3&#8243; width=&#8220;1\/1&#8243; tablet_width_inherit=&#8220;default&#8220; tablet_text_alignment=&#8220;default&#8220; phone_text_alignment=&#8220;default&#8220; bg_image_animation=&#8220;none&#8220; border_type=&#8220;simple&#8220; column_border_width=&#8220;none&#8220; column_border_style=&#8220;solid&#8220;][vc_column_text]\n<header class=\"entry-header\">\n<h1 class=\"entry-title\">Impressum<\/h1>\n<\/header>\n<div class=\"entry-content\">\n<p><em>F\u00fcr den Inhalt verantwortlicher Herausgeber<\/em><\/p>\n<p><strong>DDr. Marion Winkler<br \/>\n<\/strong><em>Zahn\u00e4rztin<\/em><\/p>\n<p>Alter Platz 6 \/ \u00a09020 Klagenfurt<\/p>\n<p><a href=\"tel:046354393\">+ 463\/543 93<\/a><br \/>\n<a href=\"mailto:hallo@zahnkompetenz.com\">hallo@zahnkompetenz.com<\/a><\/p>\n<h3>Aufsichtsbeh\u00f6rde<\/h3>\n<p><strong>\u00d6sterreichische \u00c4rztekammer<\/strong><br \/>\nZust\u00e4ndige Kammer: \u00c4rztekammer f. K\u00e4rnten<br \/>\nVerliehen durch: \u00d6sterreich \/ K\u00e4rnten<br \/>\nEs gelten folgende berufsrechtliche Regelungen:<br \/>\nRegelungen einsehbar unter:\u00a0<a href=\"https:\/\/kaerngesund.at\/\" target=\"_blank\" rel=\"noreferrer noopener\">https:\/\/kaerngesund.at<\/a><\/p>\n<\/div>\n<p>&nbsp;<\/p>\n<p><strong>Alle Rechte vorbehalten<\/strong><br \/>\nAlle Informationen auf <a href=\"http:\/\/www.zahnkompetenz.com\">www.zahnkompetenz.com<\/a> stellen zum Zeitpunkt der Publikation die jeweils neuesten Informationen dar. Eine Haftung oder Garantie f\u00fcr die Aktualit\u00e4t, Richtigkeit und Vollst\u00e4ndigkeit der zur Verf\u00fcgung gestellten Informationen und Daten ist ausgeschlossen. Die Informationen auf den Webseiten stellen in keinem Fall rechtliche Zusicherungen dar.DDr. Marion Winkler beh\u00e4lt sich das Recht vor, bei Bedarf \u00c4nderungen, L\u00f6schungen oder Erg\u00e4nzungen der bereitgestellten Informationen oder Daten ohne vorherige Ank\u00fcndigung durchzuf\u00fchren. Aus den hier beschriebenen Themenbereichen k\u00f6nnen keine Rechtsanspr\u00fcche hergeleitet werden.<\/p>\n<p>&nbsp;<\/p>\n<p><strong>Bildernachweis<br \/>\n<\/strong>Alle Bilder sind Eigentum von\u00a0DDr. Marion Winkler.<\/p>\n<p>&nbsp;<\/p>\n<p><strong>Design und Konzeption<br \/>\n<\/strong><\/p>\n<p><strong>BK-PERFECTION e.U.<\/strong><br \/>\nRadetzkystra\u00dfe 49<br \/>\n9020 Klagenfurt, Austria<br \/>\n<a href=\"http:\/\/www.bk-perfection.at\" target=\"_blank\" rel=\"noopener\">www.bk-perfection.at<\/a>[\/vc_column_text][\/vc_column][\/vc_row]\n","protected":false},"excerpt":{"rendered":"<p>[vc_row type=&#8220;full_width_background&#8220; full_screen_row_position=&#8220;middle&#8220; column_margin=&#8220;default&#8220; column_direction=&#8220;default&#8220; column_direction_tablet=&#8220;default&#8220; column_direction_phone=&#8220;default&#8220; bg_color=&#8220;#ffffff&#8220; scene_position=&#8220;center&#8220; text_color=&#8220;dark&#8220; text_align=&#8220;left&#8220; row_border_radius=&#8220;none&#8220; row_border_radius_applies=&#8220;bg&#8220; overlay_strength=&#8220;0.3&#8243; gradient_direction=&#8220;left_to_right&#8220; shape_divider_position=&#8220;bottom&#8220; bg_image_animation=&#8220;none&#8220; shape_type=&#8220;&#8220;][vc_column column_padding=&#8220;no-extra-padding&#8220; column_padding_tablet=&#8220;inherit&#8220; column_padding_phone=&#8220;inherit&#8220; column_padding_position=&#8220;all&#8220; column_element_spacing=&#8220;default&#8220; background_color_opacity=&#8220;1&#8243; background_hover_color_opacity=&#8220;1&#8243; column_shadow=&#8220;none&#8220; column_border_radius=&#8220;none&#8220; column_link_target=&#8220;_self&#8220; gradient_direction=&#8220;left_to_right&#8220; overlay_strength=&#8220;0.3&#8243;&#8230;<\/p>\n","protected":false},"author":1,"featured_media":0,"parent":0,"menu_order":0,"comment_status":"closed","ping_status":"closed","template":"","meta":{"footnotes":""},"class_list":["post-6314","page","type-page","status-publish"],"yoast_head":"<!-- This site is optimized with the Yoast SEO plugin v21.3 - https:\/\/yoast.com\/wordpress\/plugins\/seo\/ -->\n<title>Impressum - Zahnkompetenz Klagenfurt<\/title>\n<meta name=\"robots\" content=\"index, follow, max-snippet:-1, max-image-preview:large, max-video-preview:-1\" \/>\n<link rel=\"canonical\" href=\"https:\/\/zahnkompetenz.com\/index.php\/impressum\/\" \/>\n<meta property=\"og:locale\" content=\"de_DE\" \/>\n<meta property=\"og:type\" content=\"article\" \/>\n<meta property=\"og:title\" content=\"Impressum - Zahnkompetenz Klagenfurt\" \/>\n<meta property=\"og:description\" content=\"[vc_row type=&#8220;full_width_background&#8220; full_screen_row_position=&#8220;middle&#8220; column_margin=&#8220;default&#8220; column_direction=&#8220;default&#8220; column_direction_tablet=&#8220;default&#8220; column_direction_phone=&#8220;default&#8220; bg_color=&#8220;#ffffff&#8220; scene_position=&#8220;center&#8220; text_color=&#8220;dark&#8220; text_align=&#8220;left&#8220; row_border_radius=&#8220;none&#8220; row_border_radius_applies=&#8220;bg&#8220; overlay_strength=&#8220;0.3&#8243; gradient_direction=&#8220;left_to_right&#8220; shape_divider_position=&#8220;bottom&#8220; bg_image_animation=&#8220;none&#8220; shape_type=&#8220;&#8220;][vc_column column_padding=&#8220;no-extra-padding&#8220; column_padding_tablet=&#8220;inherit&#8220; column_padding_phone=&#8220;inherit&#8220; column_padding_position=&#8220;all&#8220; column_element_spacing=&#8220;default&#8220; background_color_opacity=&#8220;1&#8243; background_hover_color_opacity=&#8220;1&#8243; column_shadow=&#8220;none&#8220; column_border_radius=&#8220;none&#8220; column_link_target=&#8220;_self&#8220; gradient_direction=&#8220;left_to_right&#8220; overlay_strength=&#8220;0.3&#8243;...\" \/>\n<meta property=\"og:url\" content=\"https:\/\/zahnkompetenz.com\/index.php\/impressum\/\" \/>\n<meta property=\"og:site_name\" content=\"Zahnkompetenz Klagenfurt\" \/>\n<meta property=\"article:modified_time\" content=\"2021-11-18T11:21:22+00:00\" \/>\n<meta name=\"twitter:card\" content=\"summary_large_image\" \/>\n<meta name=\"twitter:label1\" content=\"Gesch\u00e4tzte Lesezeit\" \/>\n\t<meta name=\"twitter:data1\" content=\"1\u00a0Minute\" \/>\n<script type=\"application\/ld+json\" class=\"yoast-schema-graph\">{\"@context\":\"https:\/\/schema.org\",\"@graph\":[{\"@type\":\"WebPage\",\"@id\":\"https:\/\/zahnkompetenz.com\/index.php\/impressum\/\",\"url\":\"https:\/\/zahnkompetenz.com\/index.php\/impressum\/\",\"name\":\"Impressum - Zahnkompetenz Klagenfurt\",\"isPartOf\":{\"@id\":\"https:\/\/zahnkompetenz.com\/#website\"},\"datePublished\":\"2021-11-18T10:57:00+00:00\",\"dateModified\":\"2021-11-18T11:21:22+00:00\",\"breadcrumb\":{\"@id\":\"https:\/\/zahnkompetenz.com\/index.php\/impressum\/#breadcrumb\"},\"inLanguage\":\"de\",\"potentialAction\":[{\"@type\":\"ReadAction\",\"target\":[\"https:\/\/zahnkompetenz.com\/index.php\/impressum\/\"]}]},{\"@type\":\"BreadcrumbList\",\"@id\":\"https:\/\/zahnkompetenz.com\/index.php\/impressum\/#breadcrumb\",\"itemListElement\":[{\"@type\":\"ListItem\",\"position\":1,\"name\":\"Startseite\",\"item\":\"https:\/\/zahnkompetenz.com\/\"},{\"@type\":\"ListItem\",\"position\":2,\"name\":\"Impressum\"}]},{\"@type\":\"WebSite\",\"@id\":\"https:\/\/zahnkompetenz.com\/#website\",\"url\":\"https:\/\/zahnkompetenz.com\/\",\"name\":\"Zahnkompetenz Klagenfurt\",\"description\":\"DDr. Marion Winkler\",\"potentialAction\":[{\"@type\":\"SearchAction\",\"target\":{\"@type\":\"EntryPoint\",\"urlTemplate\":\"https:\/\/zahnkompetenz.com\/?s={search_term_string}\"},\"query-input\":\"required name=search_term_string\"}],\"inLanguage\":\"de\"}]}<\/script>\n<!-- \/ Yoast SEO plugin. -->","yoast_head_json":{"title":"Impressum - Zahnkompetenz Klagenfurt","robots":{"index":"index","follow":"follow","max-snippet":"max-snippet:-1","max-image-preview":"max-image-preview:large","max-video-preview":"max-video-preview:-1"},"canonical":"https:\/\/zahnkompetenz.com\/index.php\/impressum\/","og_locale":"de_DE","og_type":"article","og_title":"Impressum - Zahnkompetenz Klagenfurt","og_description":"[vc_row type=&#8220;full_width_background&#8220; full_screen_row_position=&#8220;middle&#8220; column_margin=&#8220;default&#8220; column_direction=&#8220;default&#8220; column_direction_tablet=&#8220;default&#8220; column_direction_phone=&#8220;default&#8220; bg_color=&#8220;#ffffff&#8220; scene_position=&#8220;center&#8220; text_color=&#8220;dark&#8220; text_align=&#8220;left&#8220; row_border_radius=&#8220;none&#8220; row_border_radius_applies=&#8220;bg&#8220; overlay_strength=&#8220;0.3&#8243; gradient_direction=&#8220;left_to_right&#8220; shape_divider_position=&#8220;bottom&#8220; bg_image_animation=&#8220;none&#8220; shape_type=&#8220;&#8220;][vc_column column_padding=&#8220;no-extra-padding&#8220; column_padding_tablet=&#8220;inherit&#8220; column_padding_phone=&#8220;inherit&#8220; column_padding_position=&#8220;all&#8220; column_element_spacing=&#8220;default&#8220; background_color_opacity=&#8220;1&#8243; background_hover_color_opacity=&#8220;1&#8243; column_shadow=&#8220;none&#8220; column_border_radius=&#8220;none&#8220; column_link_target=&#8220;_self&#8220; gradient_direction=&#8220;left_to_right&#8220; overlay_strength=&#8220;0.3&#8243;...","og_url":"https:\/\/zahnkompetenz.com\/index.php\/impressum\/","og_site_name":"Zahnkompetenz Klagenfurt","article_modified_time":"2021-11-18T11:21:22+00:00","twitter_card":"summary_large_image","twitter_misc":{"Gesch\u00e4tzte Lesezeit":"1\u00a0Minute"},"schema":{"@context":"https:\/\/schema.org","@graph":[{"@type":"WebPage","@id":"https:\/\/zahnkompetenz.com\/index.php\/impressum\/","url":"https:\/\/zahnkompetenz.com\/index.php\/impressum\/","name":"Impressum - Zahnkompetenz Klagenfurt","isPartOf":{"@id":"https:\/\/zahnkompetenz.com\/#website"},"datePublished":"2021-11-18T10:57:00+00:00","dateModified":"2021-11-18T11:21:22+00:00","breadcrumb":{"@id":"https:\/\/zahnkompetenz.com\/index.php\/impressum\/#breadcrumb"},"inLanguage":"de","potentialAction":[{"@type":"ReadAction","target":["https:\/\/zahnkompetenz.com\/index.php\/impressum\/"]}]},{"@type":"BreadcrumbList","@id":"https:\/\/zahnkompetenz.com\/index.php\/impressum\/#breadcrumb","itemListElement":[{"@type":"ListItem","position":1,"name":"Startseite","item":"https:\/\/zahnkompetenz.com\/"},{"@type":"ListItem","position":2,"name":"Impressum"}]},{"@type":"WebSite","@id":"https:\/\/zahnkompetenz.com\/#website","url":"https:\/\/zahnkompetenz.com\/","name":"Zahnkompetenz Klagenfurt","description":"DDr. Marion Winkler","potentialAction":[{"@type":"SearchAction","target":{"@type":"EntryPoint","urlTemplate":"https:\/\/zahnkompetenz.com\/?s={search_term_string}"},"query-input":"required name=search_term_string"}],"inLanguage":"de"}]}},"_links":{"self":[{"href":"https:\/\/zahnkompetenz.com\/index.php\/wp-json\/wp\/v2\/pages\/6314","targetHints":{"allow":["GET"]}}],"collection":[{"href":"https:\/\/zahnkompetenz.com\/index.php\/wp-json\/wp\/v2\/pages"}],"about":[{"href":"https:\/\/zahnkompetenz.com\/index.php\/wp-json\/wp\/v2\/types\/page"}],"author":[{"embeddable":true,"href":"https:\/\/zahnkompetenz.com\/index.php\/wp-json\/wp\/v2\/users\/1"}],"replies":[{"embeddable":true,"href":"https:\/\/zahnkompetenz.com\/index.php\/wp-json\/wp\/v2\/comments?post=6314"}],"version-history":[{"count":3,"href":"https:\/\/zahnkompetenz.com\/index.php\/wp-json\/wp\/v2\/pages\/6314\/revisions"}],"predecessor-version":[{"id":6318,"href":"https:\/\/zahnkompetenz.com\/index.php\/wp-json\/wp\/v2\/pages\/6314\/revisions\/6318"}],"wp:attachment":[{"href":"https:\/\/zahnkompetenz.com\/index.php\/wp-json\/wp\/v2\/media?parent=6314"}],"curies":[{"name":"wp","href":"https:\/\/api.w.org\/{rel}","templated":true}]}}