{"id":6223,"date":"2021-11-17T14:00:43","date_gmt":"2021-11-17T14:00:43","guid":{"rendered":"https:\/\/zahnkompetenz.com\/?page_id=6223"},"modified":"2021-11-18T09:13:45","modified_gmt":"2021-11-18T09:13:45","slug":"aesthetische-zahnheilkunde-2","status":"publish","type":"page","link":"https:\/\/zahnkompetenz.com\/index.php\/leistungen\/aesthetische-zahnheilkunde-2\/","title":{"rendered":"\u00c4sthetische Zahnheilkunde"},"content":{"rendered":"[vc_row type=&#8220;full_width_background&#8220; full_screen_row_position=&#8220;middle&#8220; column_margin=&#8220;default&#8220; column_direction=&#8220;default&#8220; column_direction_tablet=&#8220;default&#8220; column_direction_phone=&#8220;default&#8220; bg_color=&#8220;#fcfcfc&#8220; scene_position=&#8220;center&#8220; top_padding=&#8220;10%&#8220; text_color=&#8220;dark&#8220; text_align=&#8220;left&#8220; row_border_radius=&#8220;none&#8220; row_border_radius_applies=&#8220;bg&#8220; overlay_strength=&#8220;0.3&#8243; gradient_direction=&#8220;left_to_right&#8220; shape_divider_position=&#8220;bottom&#8220; bg_image_animation=&#8220;none&#8220; shape_type=&#8220;&#8220;][vc_column column_padding=&#8220;no-extra-padding&#8220; column_padding_tablet=&#8220;inherit&#8220; column_padding_phone=&#8220;inherit&#8220; column_padding_position=&#8220;all&#8220; column_element_spacing=&#8220;default&#8220; background_color_opacity=&#8220;1&#8243; background_hover_color_opacity=&#8220;1&#8243; column_shadow=&#8220;none&#8220; column_border_radius=&#8220;none&#8220; column_link_target=&#8220;_self&#8220; gradient_direction=&#8220;left_to_right&#8220; overlay_strength=&#8220;0.3&#8243; width=&#8220;1\/6&#8243; tablet_width_inherit=&#8220;default&#8220; tablet_text_alignment=&#8220;default&#8220; phone_text_alignment=&#8220;default&#8220; bg_image_animation=&#8220;none&#8220; border_type=&#8220;simple&#8220; column_border_width=&#8220;none&#8220; column_border_style=&#8220;solid&#8220;][\/vc_column][vc_column column_padding=&#8220;no-extra-padding&#8220; column_padding_tablet=&#8220;inherit&#8220; column_padding_phone=&#8220;inherit&#8220; column_padding_position=&#8220;all&#8220; column_element_spacing=&#8220;default&#8220; background_color_opacity=&#8220;1&#8243; background_hover_color_opacity=&#8220;1&#8243; column_shadow=&#8220;none&#8220; column_border_radius=&#8220;none&#8220; column_link_target=&#8220;_self&#8220; gradient_direction=&#8220;left_to_right&#8220; overlay_strength=&#8220;0.3&#8243; width=&#8220;2\/3&#8243; tablet_width_inherit=&#8220;default&#8220; tablet_text_alignment=&#8220;default&#8220; phone_text_alignment=&#8220;default&#8220; bg_image_animation=&#8220;none&#8220; border_type=&#8220;simple&#8220; column_border_width=&#8220;none&#8220; column_border_style=&#8220;solid&#8220;][image_with_animation image_url=&#8220;6257&#8243; animation=&#8220;Fade In&#8220; hover_animation=&#8220;none&#8220; alignment=&#8220;&#8220; border_radius=&#8220;10px&#8220; box_shadow=&#8220;small_depth&#8220; image_loading=&#8220;lazy-load&#8220; max_width=&#8220;100%&#8220; max_width_mobile=&#8220;default&#8220;][\/vc_column][vc_column column_padding=&#8220;no-extra-padding&#8220; column_padding_tablet=&#8220;inherit&#8220; column_padding_phone=&#8220;inherit&#8220; column_padding_position=&#8220;all&#8220; column_element_spacing=&#8220;default&#8220; background_color_opacity=&#8220;1&#8243; background_hover_color_opacity=&#8220;1&#8243; column_shadow=&#8220;none&#8220; column_border_radius=&#8220;none&#8220; column_link_target=&#8220;_self&#8220; gradient_direction=&#8220;left_to_right&#8220; overlay_strength=&#8220;0.3&#8243; width=&#8220;1\/6&#8243; tablet_width_inherit=&#8220;default&#8220; tablet_text_alignment=&#8220;default&#8220; phone_text_alignment=&#8220;default&#8220; bg_image_animation=&#8220;none&#8220; border_type=&#8220;simple&#8220; column_border_width=&#8220;none&#8220; column_border_style=&#8220;solid&#8220;][\/vc_column][\/vc_row][vc_row type=&#8220;full_width_background&#8220; full_screen_row_position=&#8220;middle&#8220; column_margin=&#8220;default&#8220; column_direction=&#8220;default&#8220; column_direction_tablet=&#8220;default&#8220; column_direction_phone=&#8220;default&#8220; bg_color=&#8220;#fcfcfc&#8220; scene_position=&#8220;center&#8220; top_padding=&#8220;5%&#8220; bottom_padding=&#8220;10%&#8220; text_color=&#8220;dark&#8220; text_align=&#8220;left&#8220; row_border_radius=&#8220;none&#8220; row_border_radius_applies=&#8220;bg&#8220; overlay_strength=&#8220;0.3&#8243; gradient_direction=&#8220;left_to_right&#8220; shape_divider_position=&#8220;bottom&#8220; bg_image_animation=&#8220;none&#8220; shape_type=&#8220;&#8220;][vc_column column_padding=&#8220;no-extra-padding&#8220; column_padding_tablet=&#8220;inherit&#8220; column_padding_phone=&#8220;inherit&#8220; column_padding_position=&#8220;all&#8220; column_element_spacing=&#8220;default&#8220; background_color_opacity=&#8220;1&#8243; background_hover_color_opacity=&#8220;1&#8243; column_shadow=&#8220;none&#8220; column_border_radius=&#8220;none&#8220; column_link_target=&#8220;_self&#8220; gradient_direction=&#8220;left_to_right&#8220; overlay_strength=&#8220;0.3&#8243; width=&#8220;1\/6&#8243; tablet_width_inherit=&#8220;default&#8220; tablet_text_alignment=&#8220;default&#8220; phone_text_alignment=&#8220;default&#8220; bg_image_animation=&#8220;none&#8220; border_type=&#8220;simple&#8220; column_border_width=&#8220;none&#8220; column_border_style=&#8220;solid&#8220;][\/vc_column][vc_column column_padding=&#8220;no-extra-padding&#8220; column_padding_tablet=&#8220;inherit&#8220; column_padding_phone=&#8220;inherit&#8220; column_padding_position=&#8220;all&#8220; column_element_spacing=&#8220;default&#8220; background_color_opacity=&#8220;1&#8243; background_hover_color_opacity=&#8220;1&#8243; column_shadow=&#8220;none&#8220; column_border_radius=&#8220;none&#8220; column_link_target=&#8220;_self&#8220; gradient_direction=&#8220;left_to_right&#8220; overlay_strength=&#8220;0.3&#8243; width=&#8220;2\/3&#8243; tablet_width_inherit=&#8220;default&#8220; tablet_text_alignment=&#8220;default&#8220; phone_text_alignment=&#8220;default&#8220; bg_image_animation=&#8220;none&#8220; border_type=&#8220;simple&#8220; column_border_width=&#8220;none&#8220; column_border_style=&#8220;solid&#8220;][vc_column_text]\n<h2>\u00c4sthetische Zahnheilkunde<\/h2>\n<p>&nbsp;<\/p>\n<p>Sch\u00f6ne Z\u00e4hne sehen nicht nur gut aus &#8211; Sie verhelfen uns auch zu mehr Wohlbefinden und Selbstbewusstsein! Ein strahlendes L\u00e4cheln signalisiert Gesundheit, Erfolg und Vitalit\u00e4t.<\/p>\n<p><i><strong>Bleaching<\/strong><\/i><\/p>\n<p>Die Ursachen f\u00fcr Zahnverf\u00e4rbungen sind vielf\u00e4ltig. So kann der regelm\u00e4\u00dfige Genuss von Kaffee, schwarzem Tee oder Rotwein die Zahnfarbe ver\u00e4ndern. Die Einnahme bestimmter Arzneimittel, das Rauchen sowie das nat\u00fcrliche \u00c4lterwerden tragen ebenfalls dazu bei, dass die Z\u00e4hne ihre nat\u00fcrliche F\u00e4rbung verlieren.<\/p>\n<p>Das Bleaching stellt eine schonende und zugleich effektive Methode dar, die Z\u00e4hne mithilfe unterschiedlich stark konzentrierter Bleichmittel um mehrere Nuancen aufzuhellen.<\/p>\n<p>Bei wurzelbehandelten Z\u00e4hnen wird die Methode des Internen Bleachings angewandt.<\/p>\n<p><i><strong>Veneers<\/strong><\/i><\/p>\n<p>Bei Veneers handelt es sich um hauchd\u00fcnne, lichtdurchl\u00e4ssige und individuell gefertigte Keramikschalen, die mit einem speziellen Kleber auf der sichtbaren Zahnoberfl\u00e4che befestigt werden.<\/p>\n<p>Veneers zaubern dem Tr\u00e4ger ein schnelles und sch\u00f6nes L\u00e4cheln! Mit ihnen lassen sich sowohl Form als auch Farbe und Stellung der Z\u00e4hne \u00e4sthetisch ansprechend korrigieren. So kommen Veneers vor allem bei leichten Verf\u00e4rbungen der Z\u00e4hne, kleinen Zahnl\u00fccken, abgebrochenen Zahnecken, ungleich gro\u00dfen Z\u00e4hnen oder leichten Zahnfehlstellungen im Frontzahnbereich zum Einsatz.<\/p>\n<p>Mit Veneers kann eine optisch wirkungsvolle und nat\u00fcrliche Versch\u00f6nerung Ihrer Z\u00e4hne erzielt werden!<\/p>\n<p>Ich berate Sie gerne!<\/p>\n<p><i><strong>Inlays<\/strong><\/i><\/p>\n<p>Bei Inlays handelt es sich um spezielle, im zahntechnischen Labor passgenau angefertigte Werkst\u00fccke, die in einem St\u00fcck in den Zahn eingesetzt werden. Inlays sind deutlich hochwertiger als einfache Zahnf\u00fcllungen und haben eine lange Haltbarkeit. Die Einlagef\u00fcllungen k\u00f6nnen aus Gold oder Keramik hergestellt werden, wobei Keramikinlays kaum vom nat\u00fcrlichen Zahn zu unterscheiden sind. F\u00fcllungen aus Keramik sind zahnfarben und lichtdurchl\u00e4ssig und somit fast unsichtbar. Keramik zeichnet sich zudem durch eine \u00e4u\u00dferst hohe Biokompatibilit\u00e4t aus.<\/p>\n<p><i><strong>Keramikkronen<\/strong><\/i><\/p>\n<p>Zahnersatz aus Keramik kommt der einzigartigen Optik nat\u00fcrlicher Z\u00e4hne besonders nahe. Da ein vollkeramischer Zahnersatz komplett metallfrei ist, kann dieser auch bei Patienten mit einer Metallallergie bedenkenlos eingesetzt werden.<\/p>\n<p>Keramikkronen sind \u00e4sthetisch ansprechend, langlebig und zeichnen sich durch eine erstklassige Qualit\u00e4t aus. Sie kommen dann zum Einsatz, wenn ein Zahn so stark zerst\u00f6rt ist, dass er mit einer F\u00fcllung oder einem Inlay nicht mehr optimal versorgt werden kann.<\/p>\n<p>Bei wurzelbehandelten Z\u00e4hnen wird der Zahnstumpf vorweg mithilfe eines zahnfarbenen Glasfaserstiftes aufgebaut.<\/p>\n<p><i><strong>Kompositf\u00fcllungen<\/strong><\/i><\/p>\n<p>Kompositf\u00fcllungen geh\u00f6ren zu den sogenannten plastischen F\u00fcllungen. Sie sind zahnfarben und werden mittels Adh\u00e4sivtechnik mit dem Zahn verklebt.<\/p>\n<p>Der F\u00fcllstoff besteht zu etwa 20% aus Kunststoff und zu ca. 80% aus feinsten Glas-, Keramik- und Quarzanteilen.<\/p>\n<p>Die hochwertigen Komposite werden schichtweise, in noch weichem, formbarem Zustand, in den pr\u00e4parierten Zahn eingebracht und danach mit UV-Licht ausgeh\u00e4rtet.[\/vc_column_text][\/vc_column][vc_column column_padding=&#8220;no-extra-padding&#8220; column_padding_tablet=&#8220;inherit&#8220; column_padding_phone=&#8220;inherit&#8220; column_padding_position=&#8220;all&#8220; column_element_spacing=&#8220;default&#8220; background_color_opacity=&#8220;1&#8243; background_hover_color_opacity=&#8220;1&#8243; column_shadow=&#8220;none&#8220; column_border_radius=&#8220;none&#8220; column_link_target=&#8220;_self&#8220; gradient_direction=&#8220;left_to_right&#8220; overlay_strength=&#8220;0.3&#8243; width=&#8220;1\/6&#8243; tablet_width_inherit=&#8220;default&#8220; tablet_text_alignment=&#8220;default&#8220; phone_text_alignment=&#8220;default&#8220; bg_image_animation=&#8220;none&#8220; border_type=&#8220;simple&#8220; column_border_width=&#8220;none&#8220; column_border_style=&#8220;solid&#8220;][\/vc_column][\/vc_row][vc_row type=&#8220;full_width_background&#8220; full_screen_row_position=&#8220;middle&#8220; column_margin=&#8220;default&#8220; equal_height=&#8220;yes&#8220; content_placement=&#8220;middle&#8220; column_direction=&#8220;default&#8220; column_direction_tablet=&#8220;default&#8220; column_direction_phone=&#8220;default&#8220; bg_color=&#8220;#000000&#8243; scene_position=&#8220;center&#8220; top_padding=&#8220;70&#8243; bottom_padding=&#8220;70&#8243; text_color=&#8220;light&#8220; text_align=&#8220;left&#8220; row_border_radius=&#8220;none&#8220; row_border_radius_applies=&#8220;bg&#8220; overlay_strength=&#8220;0.95&#8243; gradient_direction=&#8220;left_to_right&#8220; shape_divider_position=&#8220;bottom&#8220; bg_image_animation=&#8220;none&#8220; shape_type=&#8220;&#8220;][vc_column column_padding=&#8220;no-extra-padding&#8220; column_padding_tablet=&#8220;inherit&#8220; column_padding_phone=&#8220;inherit&#8220; column_padding_position=&#8220;all&#8220; column_element_spacing=&#8220;default&#8220; background_color_opacity=&#8220;1&#8243; background_hover_color_opacity=&#8220;1&#8243; column_shadow=&#8220;none&#8220; column_border_radius=&#8220;none&#8220; column_link_target=&#8220;_self&#8220; gradient_direction=&#8220;left_to_right&#8220; overlay_strength=&#8220;0.3&#8243; width=&#8220;5\/12&#8243; tablet_width_inherit=&#8220;default&#8220; tablet_text_alignment=&#8220;center&#8220; phone_text_alignment=&#8220;center&#8220; bg_image_animation=&#8220;none&#8220; border_type=&#8220;simple&#8220; column_border_width=&#8220;none&#8220; column_border_style=&#8220;solid&#8220;][split_line_heading animation_type=&#8220;line-reveal-by-space&#8220; font_style=&#8220;h2&#8243; content_alignment=&#8220;default&#8220; mobile_content_alignment=&#8220;inherit&#8220; text_content=&#8220;Wir nehmen uns gerne Zeit f\u00fcr Sie!&#8220;][\/split_line_heading][\/vc_column][vc_column column_padding=&#8220;no-extra-padding&#8220; column_padding_tablet=&#8220;inherit&#8220; column_padding_phone=&#8220;inherit&#8220; column_padding_position=&#8220;all&#8220; column_element_spacing=&#8220;default&#8220; background_color_opacity=&#8220;1&#8243; background_hover_color_opacity=&#8220;1&#8243; column_shadow=&#8220;none&#8220; column_border_radius=&#8220;none&#8220; column_link_target=&#8220;_self&#8220; gradient_direction=&#8220;left_to_right&#8220; overlay_strength=&#8220;0.3&#8243; width=&#8220;1\/12&#8243; tablet_width_inherit=&#8220;default&#8220; tablet_text_alignment=&#8220;center&#8220; phone_text_alignment=&#8220;center&#8220; bg_image_animation=&#8220;none&#8220; border_type=&#8220;simple&#8220; column_border_width=&#8220;none&#8220; column_border_style=&#8220;solid&#8220;][\/vc_column][vc_column column_padding=&#8220;no-extra-padding&#8220; column_padding_tablet=&#8220;inherit&#8220; column_padding_phone=&#8220;inherit&#8220; column_padding_position=&#8220;all&#8220; column_element_spacing=&#8220;default&#8220; background_color_opacity=&#8220;1&#8243; background_hover_color_opacity=&#8220;1&#8243; column_shadow=&#8220;none&#8220; column_border_radius=&#8220;none&#8220; column_link_target=&#8220;_self&#8220; gradient_direction=&#8220;left_to_right&#8220; overlay_strength=&#8220;0.3&#8243; width=&#8220;1\/2&#8243; tablet_width_inherit=&#8220;default&#8220; tablet_text_alignment=&#8220;center&#8220; phone_text_alignment=&#8220;center&#8220; bg_image_animation=&#8220;none&#8220; border_type=&#8220;simple&#8220; column_border_width=&#8220;none&#8220; column_border_style=&#8220;solid&#8220;][vc_row_inner column_margin=&#8220;default&#8220; column_direction=&#8220;default&#8220; column_direction_tablet=&#8220;default&#8220; column_direction_phone=&#8220;default&#8220; text_align=&#8220;right&#8220;][vc_column_inner column_padding=&#8220;no-extra-padding&#8220; column_padding_tablet=&#8220;inherit&#8220; column_padding_phone=&#8220;inherit&#8220; column_padding_position=&#8220;all&#8220; column_element_spacing=&#8220;default&#8220; background_color_opacity=&#8220;1&#8243; background_hover_color_opacity=&#8220;1&#8243; column_shadow=&#8220;none&#8220; column_border_radius=&#8220;none&#8220; column_link_target=&#8220;_self&#8220; gradient_direction=&#8220;left_to_right&#8220; overlay_strength=&#8220;0.3&#8243; width=&#8220;1\/1&#8243; tablet_width_inherit=&#8220;default&#8220; bg_image_animation=&#8220;none&#8220; border_type=&#8220;simple&#8220; column_border_width=&#8220;none&#8220; column_border_style=&#8220;solid&#8220;][nectar_cta btn_style=&#8220;arrow-animation&#8220; heading_tag=&#8220;h4&#8243; text_color=&#8220;#ffffff&#8220; button_color=&#8220;accent-color&#8220; link_type=&#8220;regular&#8220; alignment=&#8220;left&#8220; alignment_tablet=&#8220;default&#8220; alignment_phone=&#8220;default&#8220; display=&#8220;inline&#8220; link_text=&#8220;Jetzt Termin vereinbaren&#8220; url=&#8220;mailto:hello@themenectar.com&#8220; padding_top=&#8220;20&#8243; padding_right=&#8220;40&#8243; padding_bottom=&#8220;20&#8243; padding_left=&#8220;40&#8243;][\/vc_column_inner][\/vc_row_inner][\/vc_column][\/vc_row][vc_row type=&#8220;full_width_background&#8220; full_screen_row_position=&#8220;middle&#8220; column_margin=&#8220;default&#8220; column_direction=&#8220;default&#8220; column_direction_tablet=&#8220;default&#8220; column_direction_phone=&#8220;default&#8220; bg_color=&#8220;#000000&#8243; scene_position=&#8220;center&#8220; text_color=&#8220;light&#8220; text_align=&#8220;left&#8220; row_border_radius=&#8220;none&#8220; row_border_radius_applies=&#8220;bg&#8220; overlay_strength=&#8220;0.3&#8243; gradient_direction=&#8220;left_to_right&#8220; shape_divider_position=&#8220;bottom&#8220; bg_image_animation=&#8220;none&#8220; shape_type=&#8220;&#8220;][vc_column column_padding=&#8220;no-extra-padding&#8220; column_padding_tablet=&#8220;inherit&#8220; column_padding_phone=&#8220;inherit&#8220; column_padding_position=&#8220;all&#8220; column_element_spacing=&#8220;default&#8220; background_color_opacity=&#8220;1&#8243; background_hover_color_opacity=&#8220;1&#8243; column_shadow=&#8220;none&#8220; column_border_radius=&#8220;none&#8220; column_link_target=&#8220;_self&#8220; gradient_direction=&#8220;left_to_right&#8220; overlay_strength=&#8220;0.3&#8243; width=&#8220;1\/1&#8243; tablet_width_inherit=&#8220;default&#8220; tablet_text_alignment=&#8220;default&#8220; phone_text_alignment=&#8220;default&#8220; bg_image_animation=&#8220;none&#8220; border_type=&#8220;simple&#8220; column_border_width=&#8220;none&#8220; column_border_style=&#8220;solid&#8220;][divider line_type=&#8220;No Line&#8220; custom_height=&#8220;2&#8243;][\/vc_column][\/vc_row]\n","protected":false},"excerpt":{"rendered":"<p>[vc_row type=&#8220;full_width_background&#8220; full_screen_row_position=&#8220;middle&#8220; column_margin=&#8220;default&#8220; column_direction=&#8220;default&#8220; column_direction_tablet=&#8220;default&#8220; column_direction_phone=&#8220;default&#8220; bg_color=&#8220;#fcfcfc&#8220; scene_position=&#8220;center&#8220; top_padding=&#8220;10%&#8220; text_color=&#8220;dark&#8220; text_align=&#8220;left&#8220; row_border_radius=&#8220;none&#8220; row_border_radius_applies=&#8220;bg&#8220; overlay_strength=&#8220;0.3&#8243; gradient_direction=&#8220;left_to_right&#8220; shape_divider_position=&#8220;bottom&#8220; bg_image_animation=&#8220;none&#8220; shape_type=&#8220;&#8220;][vc_column column_padding=&#8220;no-extra-padding&#8220; column_padding_tablet=&#8220;inherit&#8220; column_padding_phone=&#8220;inherit&#8220; column_padding_position=&#8220;all&#8220; column_element_spacing=&#8220;default&#8220; background_color_opacity=&#8220;1&#8243; background_hover_color_opacity=&#8220;1&#8243; column_shadow=&#8220;none&#8220; column_border_radius=&#8220;none&#8220; column_link_target=&#8220;_self&#8220; gradient_direction=&#8220;left_to_right&#8220;&#8230;<\/p>\n","protected":false},"author":1,"featured_media":0,"parent":6134,"menu_order":0,"comment_status":"closed","ping_status":"closed","template":"","meta":{"footnotes":""},"class_list":["post-6223","page","type-page","status-publish"],"yoast_head":"<!-- This site is optimized with the Yoast SEO plugin v21.3 - https:\/\/yoast.com\/wordpress\/plugins\/seo\/ -->\n<title>\u00c4sthetische Zahnheilkunde - Zahnkompetenz Klagenfurt<\/title>\n<meta name=\"robots\" content=\"index, follow, max-snippet:-1, max-image-preview:large, max-video-preview:-1\" \/>\n<link rel=\"canonical\" href=\"https:\/\/zahnkompetenz.com\/index.php\/leistungen\/aesthetische-zahnheilkunde-2\/\" \/>\n<meta property=\"og:locale\" content=\"de_DE\" \/>\n<meta property=\"og:type\" content=\"article\" \/>\n<meta property=\"og:title\" content=\"\u00c4sthetische Zahnheilkunde - Zahnkompetenz Klagenfurt\" \/>\n<meta property=\"og:description\" content=\"[vc_row type=&#8220;full_width_background&#8220; full_screen_row_position=&#8220;middle&#8220; column_margin=&#8220;default&#8220; column_direction=&#8220;default&#8220; column_direction_tablet=&#8220;default&#8220; column_direction_phone=&#8220;default&#8220; bg_color=&#8220;#fcfcfc&#8220; scene_position=&#8220;center&#8220; top_padding=&#8220;10%&#8220; text_color=&#8220;dark&#8220; text_align=&#8220;left&#8220; row_border_radius=&#8220;none&#8220; row_border_radius_applies=&#8220;bg&#8220; overlay_strength=&#8220;0.3&#8243; gradient_direction=&#8220;left_to_right&#8220; shape_divider_position=&#8220;bottom&#8220; bg_image_animation=&#8220;none&#8220; shape_type=&#8220;&#8220;][vc_column column_padding=&#8220;no-extra-padding&#8220; column_padding_tablet=&#8220;inherit&#8220; column_padding_phone=&#8220;inherit&#8220; column_padding_position=&#8220;all&#8220; column_element_spacing=&#8220;default&#8220; background_color_opacity=&#8220;1&#8243; background_hover_color_opacity=&#8220;1&#8243; column_shadow=&#8220;none&#8220; column_border_radius=&#8220;none&#8220; column_link_target=&#8220;_self&#8220; gradient_direction=&#8220;left_to_right&#8220;...\" \/>\n<meta property=\"og:url\" content=\"https:\/\/zahnkompetenz.com\/index.php\/leistungen\/aesthetische-zahnheilkunde-2\/\" \/>\n<meta property=\"og:site_name\" content=\"Zahnkompetenz Klagenfurt\" \/>\n<meta property=\"article:modified_time\" content=\"2021-11-18T09:13:45+00:00\" \/>\n<meta name=\"twitter:card\" content=\"summary_large_image\" \/>\n<meta name=\"twitter:label1\" content=\"Gesch\u00e4tzte Lesezeit\" \/>\n\t<meta name=\"twitter:data1\" content=\"4\u00a0Minuten\" \/>\n<script type=\"application\/ld+json\" class=\"yoast-schema-graph\">{\"@context\":\"https:\/\/schema.org\",\"@graph\":[{\"@type\":\"WebPage\",\"@id\":\"https:\/\/zahnkompetenz.com\/index.php\/leistungen\/aesthetische-zahnheilkunde-2\/\",\"url\":\"https:\/\/zahnkompetenz.com\/index.php\/leistungen\/aesthetische-zahnheilkunde-2\/\",\"name\":\"\u00c4sthetische Zahnheilkunde - Zahnkompetenz Klagenfurt\",\"isPartOf\":{\"@id\":\"https:\/\/zahnkompetenz.com\/#website\"},\"datePublished\":\"2021-11-17T14:00:43+00:00\",\"dateModified\":\"2021-11-18T09:13:45+00:00\",\"breadcrumb\":{\"@id\":\"https:\/\/zahnkompetenz.com\/index.php\/leistungen\/aesthetische-zahnheilkunde-2\/#breadcrumb\"},\"inLanguage\":\"de\",\"potentialAction\":[{\"@type\":\"ReadAction\",\"target\":[\"https:\/\/zahnkompetenz.com\/index.php\/leistungen\/aesthetische-zahnheilkunde-2\/\"]}]},{\"@type\":\"BreadcrumbList\",\"@id\":\"https:\/\/zahnkompetenz.com\/index.php\/leistungen\/aesthetische-zahnheilkunde-2\/#breadcrumb\",\"itemListElement\":[{\"@type\":\"ListItem\",\"position\":1,\"name\":\"Startseite\",\"item\":\"https:\/\/zahnkompetenz.com\/\"},{\"@type\":\"ListItem\",\"position\":2,\"name\":\"Leistungen\",\"item\":\"https:\/\/zahnkompetenz.com\/index.php\/leistungen\/\"},{\"@type\":\"ListItem\",\"position\":3,\"name\":\"\u00c4sthetische Zahnheilkunde\"}]},{\"@type\":\"WebSite\",\"@id\":\"https:\/\/zahnkompetenz.com\/#website\",\"url\":\"https:\/\/zahnkompetenz.com\/\",\"name\":\"Zahnkompetenz Klagenfurt\",\"description\":\"DDr. Marion Winkler\",\"potentialAction\":[{\"@type\":\"SearchAction\",\"target\":{\"@type\":\"EntryPoint\",\"urlTemplate\":\"https:\/\/zahnkompetenz.com\/?s={search_term_string}\"},\"query-input\":\"required name=search_term_string\"}],\"inLanguage\":\"de\"}]}<\/script>\n<!-- \/ Yoast SEO plugin. -->","yoast_head_json":{"title":"\u00c4sthetische Zahnheilkunde - Zahnkompetenz Klagenfurt","robots":{"index":"index","follow":"follow","max-snippet":"max-snippet:-1","max-image-preview":"max-image-preview:large","max-video-preview":"max-video-preview:-1"},"canonical":"https:\/\/zahnkompetenz.com\/index.php\/leistungen\/aesthetische-zahnheilkunde-2\/","og_locale":"de_DE","og_type":"article","og_title":"\u00c4sthetische Zahnheilkunde - Zahnkompetenz Klagenfurt","og_description":"[vc_row type=&#8220;full_width_background&#8220; full_screen_row_position=&#8220;middle&#8220; column_margin=&#8220;default&#8220; column_direction=&#8220;default&#8220; column_direction_tablet=&#8220;default&#8220; column_direction_phone=&#8220;default&#8220; bg_color=&#8220;#fcfcfc&#8220; scene_position=&#8220;center&#8220; top_padding=&#8220;10%&#8220; text_color=&#8220;dark&#8220; text_align=&#8220;left&#8220; row_border_radius=&#8220;none&#8220; row_border_radius_applies=&#8220;bg&#8220; overlay_strength=&#8220;0.3&#8243; gradient_direction=&#8220;left_to_right&#8220; shape_divider_position=&#8220;bottom&#8220; bg_image_animation=&#8220;none&#8220; shape_type=&#8220;&#8220;][vc_column column_padding=&#8220;no-extra-padding&#8220; column_padding_tablet=&#8220;inherit&#8220; column_padding_phone=&#8220;inherit&#8220; column_padding_position=&#8220;all&#8220; column_element_spacing=&#8220;default&#8220; background_color_opacity=&#8220;1&#8243; background_hover_color_opacity=&#8220;1&#8243; column_shadow=&#8220;none&#8220; column_border_radius=&#8220;none&#8220; column_link_target=&#8220;_self&#8220; gradient_direction=&#8220;left_to_right&#8220;...","og_url":"https:\/\/zahnkompetenz.com\/index.php\/leistungen\/aesthetische-zahnheilkunde-2\/","og_site_name":"Zahnkompetenz Klagenfurt","article_modified_time":"2021-11-18T09:13:45+00:00","twitter_card":"summary_large_image","twitter_misc":{"Gesch\u00e4tzte Lesezeit":"4\u00a0Minuten"},"schema":{"@context":"https:\/\/schema.org","@graph":[{"@type":"WebPage","@id":"https:\/\/zahnkompetenz.com\/index.php\/leistungen\/aesthetische-zahnheilkunde-2\/","url":"https:\/\/zahnkompetenz.com\/index.php\/leistungen\/aesthetische-zahnheilkunde-2\/","name":"\u00c4sthetische Zahnheilkunde - Zahnkompetenz Klagenfurt","isPartOf":{"@id":"https:\/\/zahnkompetenz.com\/#website"},"datePublished":"2021-11-17T14:00:43+00:00","dateModified":"2021-11-18T09:13:45+00:00","breadcrumb":{"@id":"https:\/\/zahnkompetenz.com\/index.php\/leistungen\/aesthetische-zahnheilkunde-2\/#breadcrumb"},"inLanguage":"de","potentialAction":[{"@type":"ReadAction","target":["https:\/\/zahnkompetenz.com\/index.php\/leistungen\/aesthetische-zahnheilkunde-2\/"]}]},{"@type":"BreadcrumbList","@id":"https:\/\/zahnkompetenz.com\/index.php\/leistungen\/aesthetische-zahnheilkunde-2\/#breadcrumb","itemListElement":[{"@type":"ListItem","position":1,"name":"Startseite","item":"https:\/\/zahnkompetenz.com\/"},{"@type":"ListItem","position":2,"name":"Leistungen","item":"https:\/\/zahnkompetenz.com\/index.php\/leistungen\/"},{"@type":"ListItem","position":3,"name":"\u00c4sthetische Zahnheilkunde"}]},{"@type":"WebSite","@id":"https:\/\/zahnkompetenz.com\/#website","url":"https:\/\/zahnkompetenz.com\/","name":"Zahnkompetenz Klagenfurt","description":"DDr. Marion Winkler","potentialAction":[{"@type":"SearchAction","target":{"@type":"EntryPoint","urlTemplate":"https:\/\/zahnkompetenz.com\/?s={search_term_string}"},"query-input":"required name=search_term_string"}],"inLanguage":"de"}]}},"_links":{"self":[{"href":"https:\/\/zahnkompetenz.com\/index.php\/wp-json\/wp\/v2\/pages\/6223","targetHints":{"allow":["GET"]}}],"collection":[{"href":"https:\/\/zahnkompetenz.com\/index.php\/wp-json\/wp\/v2\/pages"}],"about":[{"href":"https:\/\/zahnkompetenz.com\/index.php\/wp-json\/wp\/v2\/types\/page"}],"author":[{"embeddable":true,"href":"https:\/\/zahnkompetenz.com\/index.php\/wp-json\/wp\/v2\/users\/1"}],"replies":[{"embeddable":true,"href":"https:\/\/zahnkompetenz.com\/index.php\/wp-json\/wp\/v2\/comments?post=6223"}],"version-history":[{"count":4,"href":"https:\/\/zahnkompetenz.com\/index.php\/wp-json\/wp\/v2\/pages\/6223\/revisions"}],"predecessor-version":[{"id":6258,"href":"https:\/\/zahnkompetenz.com\/index.php\/wp-json\/wp\/v2\/pages\/6223\/revisions\/6258"}],"up":[{"embeddable":true,"href":"https:\/\/zahnkompetenz.com\/index.php\/wp-json\/wp\/v2\/pages\/6134"}],"wp:attachment":[{"href":"https:\/\/zahnkompetenz.com\/index.php\/wp-json\/wp\/v2\/media?parent=6223"}],"curies":[{"name":"wp","href":"https:\/\/api.w.org\/{rel}","templated":true}]}}